{"id":2095,"date":"2021-03-18T22:39:23","date_gmt":"2021-03-18T22:39:23","guid":{"rendered":"https:\/\/albert.ch\/downloads\/"},"modified":"2021-12-14T19:37:52","modified_gmt":"2021-12-14T18:37:52","slug":"downloads","status":"publish","type":"page","link":"https:\/\/albert.ch\/fr\/downloads\/","title":{"rendered":"Downloads"},"content":{"rendered":"","protected":false},"excerpt":{"rendered":"","protected":false},"author":11,"featured_media":0,"parent":0,"menu_order":40,"comment_status":"closed","ping_status":"closed","template":"","meta":{"_acf_changed":false,"_uag_custom_page_level_css":"","advgb_blocks_editor_width":"","advgb_blocks_columns_visual_guide":"","footnotes":""},"class_list":["post-2095","page","type-page","status-publish","hentry"],"acf":[],"yoast_head":"<!-- This site is optimized with the Yoast SEO plugin v26.5 - https:\/\/yoast.com\/wordpress\/plugins\/seo\/ -->\n<title>Downloads - albert Bauprodukte GmbH<\/title>\n<meta name=\"robots\" content=\"index, follow, max-snippet:-1, max-image-preview:large, max-video-preview:-1\" \/>\n<link rel=\"canonical\" href=\"https:\/\/albert.ch\/fr\/downloads\/\" \/>\n<meta property=\"og:locale\" content=\"fr_FR\" \/>\n<meta property=\"og:type\" content=\"article\" \/>\n<meta property=\"og:title\" content=\"Downloads - albert Bauprodukte GmbH\" \/>\n<meta property=\"og:url\" content=\"https:\/\/albert.ch\/fr\/downloads\/\" \/>\n<meta property=\"og:site_name\" content=\"albert Bauprodukte GmbH\" \/>\n<meta property=\"article:modified_time\" content=\"2021-12-14T18:37:52+00:00\" \/>\n<meta name=\"twitter:card\" content=\"summary_large_image\" \/>\n<script type=\"application\/ld+json\" class=\"yoast-schema-graph\">{\"@context\":\"https:\/\/schema.org\",\"@graph\":[{\"@type\":\"WebPage\",\"@id\":\"https:\/\/albert.ch\/fr\/downloads\/\",\"url\":\"https:\/\/albert.ch\/fr\/downloads\/\",\"name\":\"Downloads - albert Bauprodukte GmbH\",\"isPartOf\":{\"@id\":\"https:\/\/albert.ch\/fr\/#website\"},\"datePublished\":\"2021-03-18T22:39:23+00:00\",\"dateModified\":\"2021-12-14T18:37:52+00:00\",\"breadcrumb\":{\"@id\":\"https:\/\/albert.ch\/fr\/downloads\/#breadcrumb\"},\"inLanguage\":\"fr-FR\",\"potentialAction\":[{\"@type\":\"ReadAction\",\"target\":[\"https:\/\/albert.ch\/fr\/downloads\/\"]}]},{\"@type\":\"BreadcrumbList\",\"@id\":\"https:\/\/albert.ch\/fr\/downloads\/#breadcrumb\",\"itemListElement\":[{\"@type\":\"ListItem\",\"position\":1,\"name\":\"Startseite\",\"item\":\"https:\/\/albert.ch\/fr\/\"},{\"@type\":\"ListItem\",\"position\":2,\"name\":\"Downloads\"}]},{\"@type\":\"WebSite\",\"@id\":\"https:\/\/albert.ch\/fr\/#website\",\"url\":\"https:\/\/albert.ch\/fr\/\",\"name\":\"albert Bauprodukte GmbH\",\"description\":\"Dach- und Wandprodukte | Pritschenverpackungen | Bodenprodukte\",\"potentialAction\":[{\"@type\":\"SearchAction\",\"target\":{\"@type\":\"EntryPoint\",\"urlTemplate\":\"https:\/\/albert.ch\/fr\/?s={search_term_string}\"},\"query-input\":{\"@type\":\"PropertyValueSpecification\",\"valueRequired\":true,\"valueName\":\"search_term_string\"}}],\"inLanguage\":\"fr-FR\"}]}<\/script>\n<!-- \/ Yoast SEO plugin. -->","yoast_head_json":{"title":"Downloads - albert Bauprodukte GmbH","robots":{"index":"index","follow":"follow","max-snippet":"max-snippet:-1","max-image-preview":"max-image-preview:large","max-video-preview":"max-video-preview:-1"},"canonical":"https:\/\/albert.ch\/fr\/downloads\/","og_locale":"fr_FR","og_type":"article","og_title":"Downloads - albert Bauprodukte GmbH","og_url":"https:\/\/albert.ch\/fr\/downloads\/","og_site_name":"albert Bauprodukte GmbH","article_modified_time":"2021-12-14T18:37:52+00:00","twitter_card":"summary_large_image","schema":{"@context":"https:\/\/schema.org","@graph":[{"@type":"WebPage","@id":"https:\/\/albert.ch\/fr\/downloads\/","url":"https:\/\/albert.ch\/fr\/downloads\/","name":"Downloads - albert Bauprodukte GmbH","isPartOf":{"@id":"https:\/\/albert.ch\/fr\/#website"},"datePublished":"2021-03-18T22:39:23+00:00","dateModified":"2021-12-14T18:37:52+00:00","breadcrumb":{"@id":"https:\/\/albert.ch\/fr\/downloads\/#breadcrumb"},"inLanguage":"fr-FR","potentialAction":[{"@type":"ReadAction","target":["https:\/\/albert.ch\/fr\/downloads\/"]}]},{"@type":"BreadcrumbList","@id":"https:\/\/albert.ch\/fr\/downloads\/#breadcrumb","itemListElement":[{"@type":"ListItem","position":1,"name":"Startseite","item":"https:\/\/albert.ch\/fr\/"},{"@type":"ListItem","position":2,"name":"Downloads"}]},{"@type":"WebSite","@id":"https:\/\/albert.ch\/fr\/#website","url":"https:\/\/albert.ch\/fr\/","name":"albert Bauprodukte GmbH","description":"Dach- und Wandprodukte | Pritschenverpackungen | Bodenprodukte","potentialAction":[{"@type":"SearchAction","target":{"@type":"EntryPoint","urlTemplate":"https:\/\/albert.ch\/fr\/?s={search_term_string}"},"query-input":{"@type":"PropertyValueSpecification","valueRequired":true,"valueName":"search_term_string"}}],"inLanguage":"fr-FR"}]}},"uagb_featured_image_src":{"full":false,"thumbnail":false,"medium":false,"medium_large":false,"large":false,"1536x1536":false,"2048x2048":false},"uagb_author_info":{"display_name":"atrox","author_link":"https:\/\/albert.ch\/fr\/author\/atrox\/"},"uagb_comment_info":0,"uagb_excerpt":null,"coauthors":[],"author_meta":{"author_link":"https:\/\/albert.ch\/fr\/author\/atrox\/","display_name":"atrox"},"relative_dates":{"created":"Publi\u00e9 5 ans il y a","modified":"Mis \u00e0 jour 4 ans il y a"},"absolute_dates":{"created":"Publi\u00e9 le mars 18, 2021","modified":"Mise \u00e0 jour le d\u00e9cembre 14, 2021"},"absolute_dates_time":{"created":"Publi\u00e9 le mars 18, 2021 10:39 pm","modified":"Mise \u00e0 jour le d\u00e9cembre 14, 2021 7:37 pm"},"featured_img_caption":"","featured_img":false,"series_order":"","_links":{"self":[{"href":"https:\/\/albert.ch\/fr\/wp-json\/wp\/v2\/pages\/2095","targetHints":{"allow":["GET"]}}],"collection":[{"href":"https:\/\/albert.ch\/fr\/wp-json\/wp\/v2\/pages"}],"about":[{"href":"https:\/\/albert.ch\/fr\/wp-json\/wp\/v2\/types\/page"}],"author":[{"embeddable":true,"href":"https:\/\/albert.ch\/fr\/wp-json\/wp\/v2\/users\/11"}],"replies":[{"embeddable":true,"href":"https:\/\/albert.ch\/fr\/wp-json\/wp\/v2\/comments?post=2095"}],"version-history":[{"count":1,"href":"https:\/\/albert.ch\/fr\/wp-json\/wp\/v2\/pages\/2095\/revisions"}],"predecessor-version":[{"id":2096,"href":"https:\/\/albert.ch\/fr\/wp-json\/wp\/v2\/pages\/2095\/revisions\/2096"}],"wp:attachment":[{"href":"https:\/\/albert.ch\/fr\/wp-json\/wp\/v2\/media?parent=2095"}],"curies":[{"name":"wp","href":"https:\/\/api.w.org\/{rel}","templated":true}]}}