{"id":2199,"date":"2021-03-12T09:22:53","date_gmt":"2021-03-12T09:22:53","guid":{"rendered":"https:\/\/albert.ch\/jobs\/"},"modified":"2024-03-19T13:31:17","modified_gmt":"2024-03-19T12:31:17","slug":"jobs","status":"publish","type":"page","link":"https:\/\/albert.ch\/fr\/jobs\/","title":{"rendered":"Emplois"},"content":{"rendered":"\n<h1 class=\"wp-block-heading advgb-dyn-4856a604\">Postes \u00e0 pourvoir<\/h1>\n\n\n\n<p>Pour renforcer notre \u00e9quipe, nous recherchons en permanence des collaborateurs et collaboratrices. Nous nous r\u00e9jouissons de recevoir votre candidature:&nbsp;<a href=\"mailto:personal@albert.ch\">personal@albert.ch<\/a><\/p>\n\n\n\n<p><br><\/p>\n","protected":false},"excerpt":{"rendered":"<p>Postes \u00e0 pourvoir Pour renforcer notre \u00e9quipe, nous recherchons en permanence des collaborateurs et collaboratrices. Nous nous r\u00e9jouissons de recevoir votre candidature:&nbsp;personal@albert.ch<\/p>\n","protected":false},"author":11,"featured_media":0,"parent":0,"menu_order":60,"comment_status":"closed","ping_status":"closed","template":"","meta":{"_acf_changed":false,"_uag_custom_page_level_css":"","advgb_blocks_editor_width":"","advgb_blocks_columns_visual_guide":"","footnotes":""},"class_list":["post-2199","page","type-page","status-publish","hentry"],"acf":[],"yoast_head":"<!-- This site is optimized with the Yoast SEO plugin v26.5 - https:\/\/yoast.com\/wordpress\/plugins\/seo\/ -->\n<title>Emplois - albert Bauprodukte GmbH<\/title>\n<meta name=\"robots\" content=\"index, follow, max-snippet:-1, max-image-preview:large, max-video-preview:-1\" \/>\n<link rel=\"canonical\" href=\"https:\/\/albert.ch\/fr\/jobs\/\" \/>\n<meta property=\"og:locale\" content=\"fr_FR\" \/>\n<meta property=\"og:type\" content=\"article\" \/>\n<meta property=\"og:title\" content=\"Emplois - albert Bauprodukte GmbH\" \/>\n<meta property=\"og:description\" content=\"Postes \u00e0 pourvoir Pour renforcer notre \u00e9quipe, nous recherchons en permanence des collaborateurs et collaboratrices. Nous nous r\u00e9jouissons de recevoir votre candidature:&nbsp;personal@albert.ch\" \/>\n<meta property=\"og:url\" content=\"https:\/\/albert.ch\/fr\/jobs\/\" \/>\n<meta property=\"og:site_name\" content=\"albert Bauprodukte GmbH\" \/>\n<meta property=\"article:modified_time\" content=\"2024-03-19T12:31:17+00:00\" \/>\n<meta name=\"twitter:card\" content=\"summary_large_image\" \/>\n<meta name=\"twitter:label1\" content=\"Dur\u00e9e de lecture estim\u00e9e\" \/>\n\t<meta name=\"twitter:data1\" content=\"1 minute\" \/>\n<script type=\"application\/ld+json\" class=\"yoast-schema-graph\">{\"@context\":\"https:\/\/schema.org\",\"@graph\":[{\"@type\":\"WebPage\",\"@id\":\"https:\/\/albert.ch\/fr\/jobs\/\",\"url\":\"https:\/\/albert.ch\/fr\/jobs\/\",\"name\":\"Emplois - albert Bauprodukte GmbH\",\"isPartOf\":{\"@id\":\"https:\/\/albert.ch\/fr\/#website\"},\"datePublished\":\"2021-03-12T09:22:53+00:00\",\"dateModified\":\"2024-03-19T12:31:17+00:00\",\"breadcrumb\":{\"@id\":\"https:\/\/albert.ch\/fr\/jobs\/#breadcrumb\"},\"inLanguage\":\"fr-FR\",\"potentialAction\":[{\"@type\":\"ReadAction\",\"target\":[\"https:\/\/albert.ch\/fr\/jobs\/\"]}]},{\"@type\":\"BreadcrumbList\",\"@id\":\"https:\/\/albert.ch\/fr\/jobs\/#breadcrumb\",\"itemListElement\":[{\"@type\":\"ListItem\",\"position\":1,\"name\":\"Startseite\",\"item\":\"https:\/\/albert.ch\/fr\/\"},{\"@type\":\"ListItem\",\"position\":2,\"name\":\"Emplois\"}]},{\"@type\":\"WebSite\",\"@id\":\"https:\/\/albert.ch\/fr\/#website\",\"url\":\"https:\/\/albert.ch\/fr\/\",\"name\":\"albert Bauprodukte GmbH\",\"description\":\"Dach- und Wandprodukte | Pritschenverpackungen | Bodenprodukte\",\"potentialAction\":[{\"@type\":\"SearchAction\",\"target\":{\"@type\":\"EntryPoint\",\"urlTemplate\":\"https:\/\/albert.ch\/fr\/?s={search_term_string}\"},\"query-input\":{\"@type\":\"PropertyValueSpecification\",\"valueRequired\":true,\"valueName\":\"search_term_string\"}}],\"inLanguage\":\"fr-FR\"}]}<\/script>\n<!-- \/ Yoast SEO plugin. -->","yoast_head_json":{"title":"Emplois - albert Bauprodukte GmbH","robots":{"index":"index","follow":"follow","max-snippet":"max-snippet:-1","max-image-preview":"max-image-preview:large","max-video-preview":"max-video-preview:-1"},"canonical":"https:\/\/albert.ch\/fr\/jobs\/","og_locale":"fr_FR","og_type":"article","og_title":"Emplois - albert Bauprodukte GmbH","og_description":"Postes \u00e0 pourvoir Pour renforcer notre \u00e9quipe, nous recherchons en permanence des collaborateurs et collaboratrices. Nous nous r\u00e9jouissons de recevoir votre candidature:&nbsp;personal@albert.ch","og_url":"https:\/\/albert.ch\/fr\/jobs\/","og_site_name":"albert Bauprodukte GmbH","article_modified_time":"2024-03-19T12:31:17+00:00","twitter_card":"summary_large_image","twitter_misc":{"Dur\u00e9e de lecture estim\u00e9e":"1 minute"},"schema":{"@context":"https:\/\/schema.org","@graph":[{"@type":"WebPage","@id":"https:\/\/albert.ch\/fr\/jobs\/","url":"https:\/\/albert.ch\/fr\/jobs\/","name":"Emplois - albert Bauprodukte GmbH","isPartOf":{"@id":"https:\/\/albert.ch\/fr\/#website"},"datePublished":"2021-03-12T09:22:53+00:00","dateModified":"2024-03-19T12:31:17+00:00","breadcrumb":{"@id":"https:\/\/albert.ch\/fr\/jobs\/#breadcrumb"},"inLanguage":"fr-FR","potentialAction":[{"@type":"ReadAction","target":["https:\/\/albert.ch\/fr\/jobs\/"]}]},{"@type":"BreadcrumbList","@id":"https:\/\/albert.ch\/fr\/jobs\/#breadcrumb","itemListElement":[{"@type":"ListItem","position":1,"name":"Startseite","item":"https:\/\/albert.ch\/fr\/"},{"@type":"ListItem","position":2,"name":"Emplois"}]},{"@type":"WebSite","@id":"https:\/\/albert.ch\/fr\/#website","url":"https:\/\/albert.ch\/fr\/","name":"albert Bauprodukte GmbH","description":"Dach- und Wandprodukte | Pritschenverpackungen | Bodenprodukte","potentialAction":[{"@type":"SearchAction","target":{"@type":"EntryPoint","urlTemplate":"https:\/\/albert.ch\/fr\/?s={search_term_string}"},"query-input":{"@type":"PropertyValueSpecification","valueRequired":true,"valueName":"search_term_string"}}],"inLanguage":"fr-FR"}]}},"uagb_featured_image_src":{"full":false,"thumbnail":false,"medium":false,"medium_large":false,"large":false,"1536x1536":false,"2048x2048":false},"uagb_author_info":{"display_name":"atrox","author_link":"https:\/\/albert.ch\/fr\/author\/atrox\/"},"uagb_comment_info":0,"uagb_excerpt":"Postes \u00e0 pourvoir Pour renforcer notre \u00e9quipe, nous recherchons en permanence des collaborateurs et collaboratrices. Nous nous r\u00e9jouissons de recevoir votre candidature:&nbsp;personal@albert.ch","coauthors":[],"author_meta":{"author_link":"https:\/\/albert.ch\/fr\/author\/atrox\/","display_name":"atrox"},"relative_dates":{"created":"Publi\u00e9 5 ans il y a","modified":"Mis \u00e0 jour 2 ans il y a"},"absolute_dates":{"created":"Publi\u00e9 le mars 12, 2021","modified":"Mise \u00e0 jour le mars 19, 2024"},"absolute_dates_time":{"created":"Publi\u00e9 le mars 12, 2021 9:22 am","modified":"Mise \u00e0 jour le mars 19, 2024 1:31 pm"},"featured_img_caption":"","featured_img":false,"series_order":"","_links":{"self":[{"href":"https:\/\/albert.ch\/fr\/wp-json\/wp\/v2\/pages\/2199","targetHints":{"allow":["GET"]}}],"collection":[{"href":"https:\/\/albert.ch\/fr\/wp-json\/wp\/v2\/pages"}],"about":[{"href":"https:\/\/albert.ch\/fr\/wp-json\/wp\/v2\/types\/page"}],"author":[{"embeddable":true,"href":"https:\/\/albert.ch\/fr\/wp-json\/wp\/v2\/users\/11"}],"replies":[{"embeddable":true,"href":"https:\/\/albert.ch\/fr\/wp-json\/wp\/v2\/comments?post=2199"}],"version-history":[{"count":14,"href":"https:\/\/albert.ch\/fr\/wp-json\/wp\/v2\/pages\/2199\/revisions"}],"predecessor-version":[{"id":2557,"href":"https:\/\/albert.ch\/fr\/wp-json\/wp\/v2\/pages\/2199\/revisions\/2557"}],"wp:attachment":[{"href":"https:\/\/albert.ch\/fr\/wp-json\/wp\/v2\/media?parent=2199"}],"curies":[{"name":"wp","href":"https:\/\/api.w.org\/{rel}","templated":true}]}}