{"id":2266,"date":"2021-03-18T22:30:36","date_gmt":"2021-03-18T22:30:36","guid":{"rendered":"https:\/\/albert.ch\/kontakt\/"},"modified":"2024-03-19T09:33:33","modified_gmt":"2024-03-19T08:33:33","slug":"kontakt","status":"publish","type":"page","link":"https:\/\/albert.ch\/fr\/kontakt\/","title":{"rendered":"Kontakt"},"content":{"rendered":"\n<h1 class=\"wp-block-heading\">Carte<\/h1>\n","protected":false},"excerpt":{"rendered":"<p>Carte<\/p>\n","protected":false},"author":11,"featured_media":0,"parent":0,"menu_order":10,"comment_status":"closed","ping_status":"closed","template":"","meta":{"_acf_changed":false,"_uag_custom_page_level_css":"","advgb_blocks_editor_width":"","advgb_blocks_columns_visual_guide":"","footnotes":""},"class_list":["post-2266","page","type-page","status-publish","hentry"],"acf":[],"yoast_head":"<!-- This site is optimized with the Yoast SEO plugin v26.5 - https:\/\/yoast.com\/wordpress\/plugins\/seo\/ -->\n<title>Kontakt - albert Bauprodukte GmbH<\/title>\n<meta name=\"robots\" content=\"index, follow, max-snippet:-1, max-image-preview:large, max-video-preview:-1\" \/>\n<link rel=\"canonical\" href=\"https:\/\/albert.ch\/fr\/kontakt\/\" \/>\n<meta property=\"og:locale\" content=\"fr_FR\" \/>\n<meta property=\"og:type\" content=\"article\" \/>\n<meta property=\"og:title\" content=\"Kontakt - albert Bauprodukte GmbH\" \/>\n<meta property=\"og:description\" content=\"Carte\" \/>\n<meta property=\"og:url\" content=\"https:\/\/albert.ch\/fr\/kontakt\/\" \/>\n<meta property=\"og:site_name\" content=\"albert Bauprodukte GmbH\" \/>\n<meta property=\"article:modified_time\" content=\"2024-03-19T08:33:33+00:00\" \/>\n<meta name=\"twitter:card\" content=\"summary_large_image\" \/>\n<meta name=\"twitter:label1\" content=\"Dur\u00e9e de lecture estim\u00e9e\" \/>\n\t<meta name=\"twitter:data1\" content=\"1 minute\" \/>\n<script type=\"application\/ld+json\" class=\"yoast-schema-graph\">{\"@context\":\"https:\/\/schema.org\",\"@graph\":[{\"@type\":\"WebPage\",\"@id\":\"https:\/\/albert.ch\/fr\/kontakt\/\",\"url\":\"https:\/\/albert.ch\/fr\/kontakt\/\",\"name\":\"Kontakt - albert Bauprodukte GmbH\",\"isPartOf\":{\"@id\":\"https:\/\/albert.ch\/fr\/#website\"},\"datePublished\":\"2021-03-18T22:30:36+00:00\",\"dateModified\":\"2024-03-19T08:33:33+00:00\",\"breadcrumb\":{\"@id\":\"https:\/\/albert.ch\/fr\/kontakt\/#breadcrumb\"},\"inLanguage\":\"fr-FR\",\"potentialAction\":[{\"@type\":\"ReadAction\",\"target\":[\"https:\/\/albert.ch\/fr\/kontakt\/\"]}]},{\"@type\":\"BreadcrumbList\",\"@id\":\"https:\/\/albert.ch\/fr\/kontakt\/#breadcrumb\",\"itemListElement\":[{\"@type\":\"ListItem\",\"position\":1,\"name\":\"Startseite\",\"item\":\"https:\/\/albert.ch\/fr\/\"},{\"@type\":\"ListItem\",\"position\":2,\"name\":\"Kontakt\"}]},{\"@type\":\"WebSite\",\"@id\":\"https:\/\/albert.ch\/fr\/#website\",\"url\":\"https:\/\/albert.ch\/fr\/\",\"name\":\"albert Bauprodukte GmbH\",\"description\":\"Dach- und Wandprodukte | Pritschenverpackungen | Bodenprodukte\",\"potentialAction\":[{\"@type\":\"SearchAction\",\"target\":{\"@type\":\"EntryPoint\",\"urlTemplate\":\"https:\/\/albert.ch\/fr\/?s={search_term_string}\"},\"query-input\":{\"@type\":\"PropertyValueSpecification\",\"valueRequired\":true,\"valueName\":\"search_term_string\"}}],\"inLanguage\":\"fr-FR\"}]}<\/script>\n<!-- \/ Yoast SEO plugin. -->","yoast_head_json":{"title":"Kontakt - albert Bauprodukte GmbH","robots":{"index":"index","follow":"follow","max-snippet":"max-snippet:-1","max-image-preview":"max-image-preview:large","max-video-preview":"max-video-preview:-1"},"canonical":"https:\/\/albert.ch\/fr\/kontakt\/","og_locale":"fr_FR","og_type":"article","og_title":"Kontakt - albert Bauprodukte GmbH","og_description":"Carte","og_url":"https:\/\/albert.ch\/fr\/kontakt\/","og_site_name":"albert Bauprodukte GmbH","article_modified_time":"2024-03-19T08:33:33+00:00","twitter_card":"summary_large_image","twitter_misc":{"Dur\u00e9e de lecture estim\u00e9e":"1 minute"},"schema":{"@context":"https:\/\/schema.org","@graph":[{"@type":"WebPage","@id":"https:\/\/albert.ch\/fr\/kontakt\/","url":"https:\/\/albert.ch\/fr\/kontakt\/","name":"Kontakt - albert Bauprodukte GmbH","isPartOf":{"@id":"https:\/\/albert.ch\/fr\/#website"},"datePublished":"2021-03-18T22:30:36+00:00","dateModified":"2024-03-19T08:33:33+00:00","breadcrumb":{"@id":"https:\/\/albert.ch\/fr\/kontakt\/#breadcrumb"},"inLanguage":"fr-FR","potentialAction":[{"@type":"ReadAction","target":["https:\/\/albert.ch\/fr\/kontakt\/"]}]},{"@type":"BreadcrumbList","@id":"https:\/\/albert.ch\/fr\/kontakt\/#breadcrumb","itemListElement":[{"@type":"ListItem","position":1,"name":"Startseite","item":"https:\/\/albert.ch\/fr\/"},{"@type":"ListItem","position":2,"name":"Kontakt"}]},{"@type":"WebSite","@id":"https:\/\/albert.ch\/fr\/#website","url":"https:\/\/albert.ch\/fr\/","name":"albert Bauprodukte GmbH","description":"Dach- und Wandprodukte | Pritschenverpackungen | Bodenprodukte","potentialAction":[{"@type":"SearchAction","target":{"@type":"EntryPoint","urlTemplate":"https:\/\/albert.ch\/fr\/?s={search_term_string}"},"query-input":{"@type":"PropertyValueSpecification","valueRequired":true,"valueName":"search_term_string"}}],"inLanguage":"fr-FR"}]}},"uagb_featured_image_src":{"full":false,"thumbnail":false,"medium":false,"medium_large":false,"large":false,"1536x1536":false,"2048x2048":false},"uagb_author_info":{"display_name":"atrox","author_link":"https:\/\/albert.ch\/fr\/author\/atrox\/"},"uagb_comment_info":0,"uagb_excerpt":"Carte","coauthors":[],"author_meta":{"author_link":"https:\/\/albert.ch\/fr\/author\/atrox\/","display_name":"atrox"},"relative_dates":{"created":"Publi\u00e9 5 ans il y a","modified":"Mis \u00e0 jour 2 ans il y a"},"absolute_dates":{"created":"Publi\u00e9 le mars 18, 2021","modified":"Mise \u00e0 jour le mars 19, 2024"},"absolute_dates_time":{"created":"Publi\u00e9 le mars 18, 2021 10:30 pm","modified":"Mise \u00e0 jour le mars 19, 2024 9:33 am"},"featured_img_caption":"","featured_img":false,"series_order":"","_links":{"self":[{"href":"https:\/\/albert.ch\/fr\/wp-json\/wp\/v2\/pages\/2266","targetHints":{"allow":["GET"]}}],"collection":[{"href":"https:\/\/albert.ch\/fr\/wp-json\/wp\/v2\/pages"}],"about":[{"href":"https:\/\/albert.ch\/fr\/wp-json\/wp\/v2\/types\/page"}],"author":[{"embeddable":true,"href":"https:\/\/albert.ch\/fr\/wp-json\/wp\/v2\/users\/11"}],"replies":[{"embeddable":true,"href":"https:\/\/albert.ch\/fr\/wp-json\/wp\/v2\/comments?post=2266"}],"version-history":[{"count":3,"href":"https:\/\/albert.ch\/fr\/wp-json\/wp\/v2\/pages\/2266\/revisions"}],"predecessor-version":[{"id":2630,"href":"https:\/\/albert.ch\/fr\/wp-json\/wp\/v2\/pages\/2266\/revisions\/2630"}],"wp:attachment":[{"href":"https:\/\/albert.ch\/fr\/wp-json\/wp\/v2\/media?parent=2266"}],"curies":[{"name":"wp","href":"https:\/\/api.w.org\/{rel}","templated":true}]}}